{"id":115,"date":"2026-03-03T08:57:24","date_gmt":"2026-03-03T08:57:24","guid":{"rendered":"https:\/\/vertdebaumes.fr\/?page_id=115"},"modified":"2026-03-03T11:12:51","modified_gmt":"2026-03-03T10:12:51","slug":"115-2","status":"publish","type":"page","link":"https:\/\/vertdebaumes.fr\/","title":{"rendered":""},"content":{"rendered":"\n<figure class=\"wp-block-image aligncenter size-large is-resized\"><img loading=\"lazy\" decoding=\"async\" width=\"1024\" height=\"554\" src=\"http:\/\/vertdebaumes.fr\/wp-content\/uploads\/2026\/03\/VDB_LOGO_RECTANGLE-BASE_150DPI-1024x554.jpg\" alt=\"\" class=\"wp-image-92\" style=\"aspect-ratio:1.8484139544484965;width:344px;height:auto\" srcset=\"https:\/\/vertdebaumes.fr\/wp-content\/uploads\/2026\/03\/VDB_LOGO_RECTANGLE-BASE_150DPI-1024x554.jpg 1024w, https:\/\/vertdebaumes.fr\/wp-content\/uploads\/2026\/03\/VDB_LOGO_RECTANGLE-BASE_150DPI-300x162.jpg 300w, https:\/\/vertdebaumes.fr\/wp-content\/uploads\/2026\/03\/VDB_LOGO_RECTANGLE-BASE_150DPI-768x415.jpg 768w, https:\/\/vertdebaumes.fr\/wp-content\/uploads\/2026\/03\/VDB_LOGO_RECTANGLE-BASE_150DPI.jpg 1392w\" sizes=\"auto, (max-width: 1024px) 100vw, 1024px\" \/><\/figure>\n\n\n\n<div class=\"wp-block-group is-content-justification-center is-nowrap is-layout-flex wp-container-core-group-is-layout-23441af8 wp-block-group-is-layout-flex\">\n<div class=\"wp-block-group has-global-padding is-layout-constrained wp-block-group-is-layout-constrained\">\n<p class=\"has-text-align-center has-text-color has-link-color has-x-large-font-size wp-elements-e1c1b38542f805c03810e904d9ea6516\" style=\"color:#3b5939;font-style:normal;font-weight:200\">Bienvenue \u00e0 l&rsquo;atelier <\/p>\n\n\n\n<blockquote class=\"wp-block-quote is-layout-flow wp-block-quote-is-layout-flow\" style=\"border-style:none;border-width:0px\">\n<div class=\"wp-block-group has-global-padding is-layout-constrained wp-block-group-is-layout-constrained\">\n<h2 class=\"wp-block-heading has-text-align-left has-text-color has-link-color has-inter-font-family has-small-font-size wp-elements-e1a338e6bdc8ad81f7a5201330a27c0d\" style=\"color:#515151;font-style:normal;font-weight:300\">Vert de baumes est un atelier d\u00e9di\u00e9 \u00e0 la cr\u00e9ation de jardins vivants, sensibles et apaisants, au conseil et \u00e0 la transmission, situ\u00e9 en \u00cele de France, o\u00f9 les projets, quels qu\u2019ils soient, se font avec vous.<\/h2>\n\n\n\n<h2 class=\"wp-block-heading has-text-align-left has-text-color has-link-color has-inter-font-family has-small-font-size wp-elements-97147df83b04db9e749f942984f82d45\" style=\"color:#515151;font-style:normal;font-weight:300\">Je vous propose une signature particuli\u00e8re, fruit de mes exp\u00e9riences de styliste, illustratrice, graphiste et paysagiste : un \u0153il et un savoir-faire diff\u00e9rents.\u00a0<\/h2>\n\n\n\n<h2 class=\"wp-block-heading has-text-align-left has-text-color has-link-color has-inter-font-family has-small-font-size wp-elements-f0c2d54c8c413581bf47755eb48f5c20\" style=\"color:#515151;font-style:normal;font-weight:300\">Je vous accompagne \u00e0 chaque \u00e9tape :<\/h2>\n\n\n\n<h2 class=\"wp-block-heading has-text-align-left has-text-color has-link-color has-inter-font-family has-small-font-size wp-elements-07cc5f60a9e8d86638f94ccc7678e44f\" style=\"color:#515151;font-style:normal;font-weight:300\"><strong>Conseil et conception<\/strong> : \u00e9couter, imaginer ou repenser ensemble un jardin coh\u00e9rent, accueillant, o\u00f9 chaque plante a sa (bonne) place.<\/h2>\n\n\n\n<h2 class=\"wp-block-heading has-text-align-left has-text-color has-link-color has-inter-font-family has-small-font-size wp-elements-960c45470e90b4d242ede51b75702573\" style=\"color:#515151;font-style:normal;font-weight:300\"><strong>Cr\u00e9ation et mise en \u0153uvre<\/strong> : donner vie \u00e0 des espaces harmonieux et respectueux du vivant.<\/h2>\n\n\n\n<h2 class=\"wp-block-heading has-text-align-left has-text-color has-link-color has-inter-font-family has-small-font-size wp-elements-ecabf90cc8c8a5fa16eabcf9d8c220e9\" style=\"color:#515151;font-style:normal;font-weight:300\"><strong>Accompagnement et suivi <\/strong>: vous guider au fil des saisons pour que votre jardin continue de s\u2019\u00e9panouir avec naturel gr\u00e2ce \u00e0 des pratiques durables, vous expliquer pourquoi faire et comment.<\/h2>\n\n\n\n<h2 class=\"wp-block-heading has-text-align-left has-text-color has-link-color has-inter-font-family has-small-font-size wp-elements-2760197a57ec10ac2f1b91bae6eb4148\" style=\"color:#515151;font-style:normal;font-weight:300\">Mes jardins s\u2019impr\u00e8gnent d\u2019<strong>une couleur unique &#8211; la v\u00f4tre<\/strong> &#8211; alchimie \u00e9troite entre l\u2019histoire d\u2019un lieu et de ses occupants.<\/h2>\n\n\n\n<h2 class=\"wp-block-heading has-text-align-left has-text-color has-link-color has-inter-font-family has-small-font-size wp-elements-157e30b3c76b7627db54229ce27fc862\" style=\"color:#515151;font-style:normal;font-weight:300\">En attendant la mise en ligne du site qui vous pr\u00e9sentera plus en d\u00e9tail la d\u00e9marche et les projets paysagers de l&rsquo;atelier, n&rsquo;h\u00e9sitez pas \u00e0 me suivre ou \u00e0 me contacter gr\u00e2ce aux liens ci-dessous!<\/h2>\n\n\n\n<h2 class=\"wp-block-heading has-text-align-center has-text-color has-link-color has-inter-font-family has-small-font-size wp-elements-b0d0dee8d6932769ee120dc91095a7e9\" style=\"color:#515151;font-style:normal;font-weight:500\">Merci de votre visite et \u00e0 bient\u00f4t!<\/h2>\n<\/div>\n<\/blockquote>\n\n\n\n<blockquote class=\"wp-block-quote has-text-align-center has-medium-font-size is-layout-flow wp-block-quote-is-layout-flow\" style=\"border-style:none;border-width:0px\">\n<p class=\"has-text-color has-link-color has-medium-font-size wp-elements-5a663899bf657e004d4dbfbf924b3f35\" style=\"color:#395b40\">Conception de jardins et d\u2019espaces paysagers _ Entretien d\u2019espaces verts _ Conseil individuel personnalis\u00e9 _ Coaching \u00e0 la carte _ Ateliers th\u00e9matiques<\/p>\n<\/blockquote>\n<\/div>\n<\/div>\n\n\n\n<ul class=\"wp-block-social-links aligncenter is-layout-flex wp-block-social-links-is-layout-flex\"><li class=\"wp-social-link wp-social-link-instagram  wp-block-social-link\"><a rel=\"noopener nofollow\" target=\"_blank\" href=\"https:\/\/www.instagram.com\/vertdebaumes\/\" class=\"wp-block-social-link-anchor\"><svg width=\"24\" height=\"24\" viewBox=\"0 0 24 24\" version=\"1.1\" xmlns=\"http:\/\/www.w3.org\/2000\/svg\" aria-hidden=\"true\" focusable=\"false\"><path d=\"M12,4.622c2.403,0,2.688,0.009,3.637,0.052c0.877,0.04,1.354,0.187,1.671,0.31c0.42,0.163,0.72,0.358,1.035,0.673 c0.315,0.315,0.51,0.615,0.673,1.035c0.123,0.317,0.27,0.794,0.31,1.671c0.043,0.949,0.052,1.234,0.052,3.637 s-0.009,2.688-0.052,3.637c-0.04,0.877-0.187,1.354-0.31,1.671c-0.163,0.42-0.358,0.72-0.673,1.035 c-0.315,0.315-0.615,0.51-1.035,0.673c-0.317,0.123-0.794,0.27-1.671,0.31c-0.949,0.043-1.233,0.052-3.637,0.052 s-2.688-0.009-3.637-0.052c-0.877-0.04-1.354-0.187-1.671-0.31c-0.42-0.163-0.72-0.358-1.035-0.673 c-0.315-0.315-0.51-0.615-0.673-1.035c-0.123-0.317-0.27-0.794-0.31-1.671C4.631,14.688,4.622,14.403,4.622,12 s0.009-2.688,0.052-3.637c0.04-0.877,0.187-1.354,0.31-1.671c0.163-0.42,0.358-0.72,0.673-1.035 c0.315-0.315,0.615-0.51,1.035-0.673c0.317-0.123,0.794-0.27,1.671-0.31C9.312,4.631,9.597,4.622,12,4.622 M12,3 C9.556,3,9.249,3.01,8.289,3.054C7.331,3.098,6.677,3.25,6.105,3.472C5.513,3.702,5.011,4.01,4.511,4.511 c-0.5,0.5-0.808,1.002-1.038,1.594C3.25,6.677,3.098,7.331,3.054,8.289C3.01,9.249,3,9.556,3,12c0,2.444,0.01,2.751,0.054,3.711 c0.044,0.958,0.196,1.612,0.418,2.185c0.23,0.592,0.538,1.094,1.038,1.594c0.5,0.5,1.002,0.808,1.594,1.038 c0.572,0.222,1.227,0.375,2.185,0.418C9.249,20.99,9.556,21,12,21s2.751-0.01,3.711-0.054c0.958-0.044,1.612-0.196,2.185-0.418 c0.592-0.23,1.094-0.538,1.594-1.038c0.5-0.5,0.808-1.002,1.038-1.594c0.222-0.572,0.375-1.227,0.418-2.185 C20.99,14.751,21,14.444,21,12s-0.01-2.751-0.054-3.711c-0.044-0.958-0.196-1.612-0.418-2.185c-0.23-0.592-0.538-1.094-1.038-1.594 c-0.5-0.5-1.002-0.808-1.594-1.038c-0.572-0.222-1.227-0.375-2.185-0.418C14.751,3.01,14.444,3,12,3L12,3z M12,7.378 c-2.552,0-4.622,2.069-4.622,4.622S9.448,16.622,12,16.622s4.622-2.069,4.622-4.622S14.552,7.378,12,7.378z M12,15 c-1.657,0-3-1.343-3-3s1.343-3,3-3s3,1.343,3,3S13.657,15,12,15z M16.804,6.116c-0.596,0-1.08,0.484-1.08,1.08 s0.484,1.08,1.08,1.08c0.596,0,1.08-0.484,1.08-1.08S17.401,6.116,16.804,6.116z\"><\/path><\/svg><span class=\"wp-block-social-link-label screen-reader-text\">Instagram<\/span><\/a><\/li>\n\n<li class=\"wp-social-link wp-social-link-linkedin  wp-block-social-link\"><a rel=\"noopener nofollow\" target=\"_blank\" href=\"https:\/\/www.linkedin.com\/company\/vert-de-baumes\/\" class=\"wp-block-social-link-anchor\"><svg width=\"24\" height=\"24\" viewBox=\"0 0 24 24\" version=\"1.1\" xmlns=\"http:\/\/www.w3.org\/2000\/svg\" aria-hidden=\"true\" focusable=\"false\"><path d=\"M19.7,3H4.3C3.582,3,3,3.582,3,4.3v15.4C3,20.418,3.582,21,4.3,21h15.4c0.718,0,1.3-0.582,1.3-1.3V4.3 C21,3.582,20.418,3,19.7,3z M8.339,18.338H5.667v-8.59h2.672V18.338z M7.004,8.574c-0.857,0-1.549-0.694-1.549-1.548 c0-0.855,0.691-1.548,1.549-1.548c0.854,0,1.547,0.694,1.547,1.548C8.551,7.881,7.858,8.574,7.004,8.574z M18.339,18.338h-2.669 v-4.177c0-0.996-0.017-2.278-1.387-2.278c-1.389,0-1.601,1.086-1.601,2.206v4.249h-2.667v-8.59h2.559v1.174h0.037 c0.356-0.675,1.227-1.387,2.526-1.387c2.703,0,3.203,1.779,3.203,4.092V18.338z\"><\/path><\/svg><span class=\"wp-block-social-link-label screen-reader-text\">LinkedIn<\/span><\/a><\/li>\n\n<li class=\"wp-social-link wp-social-link-mail  wp-block-social-link\"><a rel=\"noopener nofollow\" target=\"_blank\" href=\"mailto:&#099;&#111;n&#116;a&#099;&#116;&#064;vert&#100;&#101;&#098;a&#117;&#109;&#101;&#115;&#046;fr\" class=\"wp-block-social-link-anchor\"><svg width=\"24\" height=\"24\" viewBox=\"0 0 24 24\" version=\"1.1\" xmlns=\"http:\/\/www.w3.org\/2000\/svg\" aria-hidden=\"true\" focusable=\"false\"><path d=\"M19,5H5c-1.1,0-2,.9-2,2v10c0,1.1.9,2,2,2h14c1.1,0,2-.9,2-2V7c0-1.1-.9-2-2-2zm.5,12c0,.3-.2.5-.5.5H5c-.3,0-.5-.2-.5-.5V9.8l7.5,5.6,7.5-5.6V17zm0-9.1L12,13.6,4.5,7.9V7c0-.3.2-.5.5-.5h14c.3,0,.5.2.5.5v.9z\"><\/path><\/svg><span class=\"wp-block-social-link-label screen-reader-text\">E-mail<\/span><\/a><\/li>\n\n<li class=\"wp-social-link wp-social-link-whatsapp  wp-block-social-link\"><a rel=\"noopener nofollow\" target=\"_blank\" href=\"https:\/\/wa.me\/33673131307\" class=\"wp-block-social-link-anchor\"><svg width=\"24\" height=\"24\" viewBox=\"0 0 24 24\" version=\"1.1\" xmlns=\"http:\/\/www.w3.org\/2000\/svg\" aria-hidden=\"true\" focusable=\"false\"><path d=\"M 12.011719 2 C 6.5057187 2 2.0234844 6.478375 2.0214844 11.984375 C 2.0204844 13.744375 2.4814687 15.462563 3.3554688 16.976562 L 2 22 L 7.2324219 20.763672 C 8.6914219 21.559672 10.333859 21.977516 12.005859 21.978516 L 12.009766 21.978516 C 17.514766 21.978516 21.995047 17.499141 21.998047 11.994141 C 22.000047 9.3251406 20.962172 6.8157344 19.076172 4.9277344 C 17.190172 3.0407344 14.683719 2.001 12.011719 2 z M 12.009766 4 C 14.145766 4.001 16.153109 4.8337969 17.662109 6.3417969 C 19.171109 7.8517969 20.000047 9.8581875 19.998047 11.992188 C 19.996047 16.396187 16.413812 19.978516 12.007812 19.978516 C 10.674812 19.977516 9.3544062 19.642812 8.1914062 19.007812 L 7.5175781 18.640625 L 6.7734375 18.816406 L 4.8046875 19.28125 L 5.2851562 17.496094 L 5.5019531 16.695312 L 5.0878906 15.976562 C 4.3898906 14.768562 4.0204844 13.387375 4.0214844 11.984375 C 4.0234844 7.582375 7.6067656 4 12.009766 4 z M 8.4765625 7.375 C 8.3095625 7.375 8.0395469 7.4375 7.8105469 7.6875 C 7.5815469 7.9365 6.9355469 8.5395781 6.9355469 9.7675781 C 6.9355469 10.995578 7.8300781 12.182609 7.9550781 12.349609 C 8.0790781 12.515609 9.68175 15.115234 12.21875 16.115234 C 14.32675 16.946234 14.754891 16.782234 15.212891 16.740234 C 15.670891 16.699234 16.690438 16.137687 16.898438 15.554688 C 17.106437 14.971687 17.106922 14.470187 17.044922 14.367188 C 16.982922 14.263188 16.816406 14.201172 16.566406 14.076172 C 16.317406 13.951172 15.090328 13.348625 14.861328 13.265625 C 14.632328 13.182625 14.464828 13.140625 14.298828 13.390625 C 14.132828 13.640625 13.655766 14.201187 13.509766 14.367188 C 13.363766 14.534188 13.21875 14.556641 12.96875 14.431641 C 12.71875 14.305641 11.914938 14.041406 10.960938 13.191406 C 10.218937 12.530406 9.7182656 11.714844 9.5722656 11.464844 C 9.4272656 11.215844 9.5585938 11.079078 9.6835938 10.955078 C 9.7955938 10.843078 9.9316406 10.663578 10.056641 10.517578 C 10.180641 10.371578 10.223641 10.267562 10.306641 10.101562 C 10.389641 9.9355625 10.347156 9.7890625 10.285156 9.6640625 C 10.223156 9.5390625 9.737625 8.3065 9.515625 7.8125 C 9.328625 7.3975 9.131125 7.3878594 8.953125 7.3808594 C 8.808125 7.3748594 8.6425625 7.375 8.4765625 7.375 z\"><\/path><\/svg><span class=\"wp-block-social-link-label screen-reader-text\">WhatsApp<\/span><\/a><\/li><\/ul>\n\n\n\n<figure class=\"wp-block-image alignfull size-full\"><img loading=\"lazy\" decoding=\"async\" width=\"1667\" height=\"1200\" src=\"https:\/\/vertdebaumes.fr\/wp-content\/uploads\/2026\/03\/VDB_Couverture-V2-3.jpg\" alt=\"\" class=\"wp-image-118\" srcset=\"https:\/\/vertdebaumes.fr\/wp-content\/uploads\/2026\/03\/VDB_Couverture-V2-3.jpg 1667w, https:\/\/vertdebaumes.fr\/wp-content\/uploads\/2026\/03\/VDB_Couverture-V2-3-300x216.jpg 300w, https:\/\/vertdebaumes.fr\/wp-content\/uploads\/2026\/03\/VDB_Couverture-V2-3-1024x737.jpg 1024w, https:\/\/vertdebaumes.fr\/wp-content\/uploads\/2026\/03\/VDB_Couverture-V2-3-768x553.jpg 768w, https:\/\/vertdebaumes.fr\/wp-content\/uploads\/2026\/03\/VDB_Couverture-V2-3-1536x1106.jpg 1536w\" sizes=\"auto, (max-width: 1667px) 100vw, 1667px\" \/><\/figure>\n\n\n\n<div class=\"wp-block-group has-global-padding is-layout-constrained wp-block-group-is-layout-constrained\">\n<figure class=\"wp-block-gallery has-nested-images columns-default is-cropped wp-block-gallery-1 is-layout-flex wp-block-gallery-is-layout-flex\">\n<figure class=\"wp-block-image size-large\"><img loading=\"lazy\" decoding=\"async\" width=\"1024\" height=\"724\" data-id=\"189\" src=\"https:\/\/vertdebaumes.fr\/wp-content\/uploads\/2026\/03\/VDB_VisuelsLogo21-1-1024x724.jpg\" alt=\"\" class=\"wp-image-189\" srcset=\"https:\/\/vertdebaumes.fr\/wp-content\/uploads\/2026\/03\/VDB_VisuelsLogo21-1-1024x724.jpg 1024w, https:\/\/vertdebaumes.fr\/wp-content\/uploads\/2026\/03\/VDB_VisuelsLogo21-1-300x212.jpg 300w, https:\/\/vertdebaumes.fr\/wp-content\/uploads\/2026\/03\/VDB_VisuelsLogo21-1-768x543.jpg 768w, https:\/\/vertdebaumes.fr\/wp-content\/uploads\/2026\/03\/VDB_VisuelsLogo21-1.jpg 1123w\" sizes=\"auto, (max-width: 1024px) 100vw, 1024px\" \/><\/figure>\n\n\n\n<figure class=\"wp-block-image size-large\"><img loading=\"lazy\" decoding=\"async\" width=\"724\" height=\"1024\" data-id=\"188\" src=\"https:\/\/vertdebaumes.fr\/wp-content\/uploads\/2026\/03\/VDB_VisuelsLogo29-1-724x1024.jpg\" alt=\"\" class=\"wp-image-188\" srcset=\"https:\/\/vertdebaumes.fr\/wp-content\/uploads\/2026\/03\/VDB_VisuelsLogo29-1-724x1024.jpg 724w, https:\/\/vertdebaumes.fr\/wp-content\/uploads\/2026\/03\/VDB_VisuelsLogo29-1-212x300.jpg 212w, https:\/\/vertdebaumes.fr\/wp-content\/uploads\/2026\/03\/VDB_VisuelsLogo29-1-768x1086.jpg 768w, https:\/\/vertdebaumes.fr\/wp-content\/uploads\/2026\/03\/VDB_VisuelsLogo29-1.jpg 794w\" sizes=\"auto, (max-width: 724px) 100vw, 724px\" \/><\/figure>\n\n\n\n<figure class=\"wp-block-image size-large\"><img loading=\"lazy\" decoding=\"async\" width=\"724\" height=\"1024\" data-id=\"187\" src=\"https:\/\/vertdebaumes.fr\/wp-content\/uploads\/2026\/03\/VDB_VisuelsLogo30-1-724x1024.jpg\" alt=\"\" class=\"wp-image-187\" srcset=\"https:\/\/vertdebaumes.fr\/wp-content\/uploads\/2026\/03\/VDB_VisuelsLogo30-1-724x1024.jpg 724w, https:\/\/vertdebaumes.fr\/wp-content\/uploads\/2026\/03\/VDB_VisuelsLogo30-1-212x300.jpg 212w, https:\/\/vertdebaumes.fr\/wp-content\/uploads\/2026\/03\/VDB_VisuelsLogo30-1-768x1086.jpg 768w, https:\/\/vertdebaumes.fr\/wp-content\/uploads\/2026\/03\/VDB_VisuelsLogo30-1.jpg 794w\" sizes=\"auto, (max-width: 724px) 100vw, 724px\" \/><\/figure>\n<\/figure>\n<\/div>\n\n\n\n<figure class=\"wp-block-image size-large\"><img loading=\"lazy\" decoding=\"async\" width=\"1024\" height=\"724\" src=\"https:\/\/vertdebaumes.fr\/wp-content\/uploads\/2026\/03\/VDB_VisuelsLogo24-1-1024x724.jpg\" alt=\"\" class=\"wp-image-65\" srcset=\"https:\/\/vertdebaumes.fr\/wp-content\/uploads\/2026\/03\/VDB_VisuelsLogo24-1-1024x724.jpg 1024w, https:\/\/vertdebaumes.fr\/wp-content\/uploads\/2026\/03\/VDB_VisuelsLogo24-1-300x212.jpg 300w, https:\/\/vertdebaumes.fr\/wp-content\/uploads\/2026\/03\/VDB_VisuelsLogo24-1-768x543.jpg 768w, https:\/\/vertdebaumes.fr\/wp-content\/uploads\/2026\/03\/VDB_VisuelsLogo24-1.jpg 1123w\" sizes=\"auto, (max-width: 1024px) 100vw, 1024px\" \/><\/figure>\n\n\n\n<figure class=\"wp-block-gallery has-nested-images columns-default wp-block-gallery-2 is-layout-flex wp-block-gallery-is-layout-flex\">\n<figure class=\"wp-block-image size-large\"><img loading=\"lazy\" decoding=\"async\" width=\"724\" height=\"1024\" data-id=\"13\" src=\"https:\/\/vertdebaumes.fr\/wp-content\/uploads\/2026\/03\/VDB_VisuelsLogo17-edited-724x1024.jpg\" alt=\"\" class=\"wp-image-13\" srcset=\"https:\/\/vertdebaumes.fr\/wp-content\/uploads\/2026\/03\/VDB_VisuelsLogo17-edited-724x1024.jpg 724w, https:\/\/vertdebaumes.fr\/wp-content\/uploads\/2026\/03\/VDB_VisuelsLogo17-edited-212x300.jpg 212w, https:\/\/vertdebaumes.fr\/wp-content\/uploads\/2026\/03\/VDB_VisuelsLogo17-edited-768x1087.jpg 768w, https:\/\/vertdebaumes.fr\/wp-content\/uploads\/2026\/03\/VDB_VisuelsLogo17-edited-1086x1536.jpg 1086w, https:\/\/vertdebaumes.fr\/wp-content\/uploads\/2026\/03\/VDB_VisuelsLogo17-edited-1448x2048.jpg 1448w, https:\/\/vertdebaumes.fr\/wp-content\/uploads\/2026\/03\/VDB_VisuelsLogo17-edited-scaled.jpg 1809w\" sizes=\"auto, (max-width: 724px) 100vw, 724px\" \/><\/figure>\n\n\n\n<figure class=\"wp-block-image size-large\"><img loading=\"lazy\" decoding=\"async\" width=\"724\" height=\"1024\" data-id=\"64\" src=\"https:\/\/vertdebaumes.fr\/wp-content\/uploads\/2026\/03\/VDB_VisuelsLogo15-724x1024.jpg\" alt=\"\" class=\"wp-image-64\" srcset=\"https:\/\/vertdebaumes.fr\/wp-content\/uploads\/2026\/03\/VDB_VisuelsLogo15-724x1024.jpg 724w, https:\/\/vertdebaumes.fr\/wp-content\/uploads\/2026\/03\/VDB_VisuelsLogo15-212x300.jpg 212w, https:\/\/vertdebaumes.fr\/wp-content\/uploads\/2026\/03\/VDB_VisuelsLogo15-768x1086.jpg 768w, https:\/\/vertdebaumes.fr\/wp-content\/uploads\/2026\/03\/VDB_VisuelsLogo15.jpg 794w\" sizes=\"auto, (max-width: 724px) 100vw, 724px\" \/><\/figure>\n\n\n\n<figure class=\"wp-block-image size-large\"><img loading=\"lazy\" decoding=\"async\" width=\"724\" height=\"1024\" data-id=\"63\" src=\"https:\/\/vertdebaumes.fr\/wp-content\/uploads\/2026\/03\/VDB_VisuelsLogo13-1-724x1024.jpg\" alt=\"\" class=\"wp-image-63\" srcset=\"https:\/\/vertdebaumes.fr\/wp-content\/uploads\/2026\/03\/VDB_VisuelsLogo13-1-724x1024.jpg 724w, https:\/\/vertdebaumes.fr\/wp-content\/uploads\/2026\/03\/VDB_VisuelsLogo13-1-212x300.jpg 212w, https:\/\/vertdebaumes.fr\/wp-content\/uploads\/2026\/03\/VDB_VisuelsLogo13-1-768x1086.jpg 768w, https:\/\/vertdebaumes.fr\/wp-content\/uploads\/2026\/03\/VDB_VisuelsLogo13-1.jpg 794w\" sizes=\"auto, (max-width: 724px) 100vw, 724px\" \/><\/figure>\n\n\n\n<figure class=\"wp-block-image size-large\"><img loading=\"lazy\" decoding=\"async\" width=\"724\" height=\"1024\" data-id=\"67\" src=\"https:\/\/vertdebaumes.fr\/wp-content\/uploads\/2026\/03\/VDB_VisuelsLogo28-724x1024.jpg\" alt=\"\" class=\"wp-image-67\" srcset=\"https:\/\/vertdebaumes.fr\/wp-content\/uploads\/2026\/03\/VDB_VisuelsLogo28-724x1024.jpg 724w, https:\/\/vertdebaumes.fr\/wp-content\/uploads\/2026\/03\/VDB_VisuelsLogo28-212x300.jpg 212w, https:\/\/vertdebaumes.fr\/wp-content\/uploads\/2026\/03\/VDB_VisuelsLogo28-768x1086.jpg 768w, https:\/\/vertdebaumes.fr\/wp-content\/uploads\/2026\/03\/VDB_VisuelsLogo28.jpg 794w\" sizes=\"auto, (max-width: 724px) 100vw, 724px\" \/><\/figure>\n\n\n\n<figure class=\"wp-block-image size-large\"><img loading=\"lazy\" decoding=\"async\" width=\"724\" height=\"1024\" data-id=\"66\" src=\"https:\/\/vertdebaumes.fr\/wp-content\/uploads\/2026\/03\/VDB_VisuelsLogo27-724x1024.jpg\" alt=\"\" class=\"wp-image-66\" srcset=\"https:\/\/vertdebaumes.fr\/wp-content\/uploads\/2026\/03\/VDB_VisuelsLogo27-724x1024.jpg 724w, https:\/\/vertdebaumes.fr\/wp-content\/uploads\/2026\/03\/VDB_VisuelsLogo27-212x300.jpg 212w, https:\/\/vertdebaumes.fr\/wp-content\/uploads\/2026\/03\/VDB_VisuelsLogo27-768x1086.jpg 768w, https:\/\/vertdebaumes.fr\/wp-content\/uploads\/2026\/03\/VDB_VisuelsLogo27.jpg 794w\" sizes=\"auto, (max-width: 724px) 100vw, 724px\" \/><\/figure>\n\n\n\n<figure class=\"wp-block-image size-large\"><img loading=\"lazy\" decoding=\"async\" width=\"724\" height=\"1024\" data-id=\"68\" src=\"https:\/\/vertdebaumes.fr\/wp-content\/uploads\/2026\/03\/VDB_VisuelsLogo29-724x1024.jpg\" alt=\"\" class=\"wp-image-68\" srcset=\"https:\/\/vertdebaumes.fr\/wp-content\/uploads\/2026\/03\/VDB_VisuelsLogo29-724x1024.jpg 724w, https:\/\/vertdebaumes.fr\/wp-content\/uploads\/2026\/03\/VDB_VisuelsLogo29-212x300.jpg 212w, https:\/\/vertdebaumes.fr\/wp-content\/uploads\/2026\/03\/VDB_VisuelsLogo29-768x1086.jpg 768w, https:\/\/vertdebaumes.fr\/wp-content\/uploads\/2026\/03\/VDB_VisuelsLogo29.jpg 794w\" sizes=\"auto, (max-width: 724px) 100vw, 724px\" \/><\/figure>\n<\/figure>\n\n\n\n<figure class=\"wp-block-image size-large\"><img loading=\"lazy\" decoding=\"async\" width=\"1024\" height=\"724\" src=\"https:\/\/vertdebaumes.fr\/wp-content\/uploads\/2026\/03\/VDB_VisuelsLogo20-1024x724.jpg\" alt=\"\" class=\"wp-image-190\" srcset=\"https:\/\/vertdebaumes.fr\/wp-content\/uploads\/2026\/03\/VDB_VisuelsLogo20-1024x724.jpg 1024w, https:\/\/vertdebaumes.fr\/wp-content\/uploads\/2026\/03\/VDB_VisuelsLogo20-300x212.jpg 300w, https:\/\/vertdebaumes.fr\/wp-content\/uploads\/2026\/03\/VDB_VisuelsLogo20-768x543.jpg 768w, https:\/\/vertdebaumes.fr\/wp-content\/uploads\/2026\/03\/VDB_VisuelsLogo20.jpg 1123w\" sizes=\"auto, (max-width: 1024px) 100vw, 1024px\" \/><\/figure>\n\n\n\n<p class=\"has-text-align-center has-small-font-size\" style=\"font-style:normal;font-weight:300\">Tous les visuels publi\u00e9s sur ce site sont la propri\u00e9t\u00e9 exclusive de Vert de baumes\u00a9 2026 et sont prot\u00e9g\u00e9s.<\/p>\n","protected":false},"excerpt":{"rendered":"<p>Bienvenue \u00e0 l&rsquo;atelier Vert de baumes est un atelier d\u00e9di\u00e9 \u00e0 la cr\u00e9ation de jardins vivants, sensibles et apaisants, au conseil et \u00e0 la transmission, situ\u00e9 en \u00cele de France, o\u00f9 les projets, quels qu\u2019ils soient, se font avec vous. Je vous propose une signature particuli\u00e8re, fruit de mes exp\u00e9riences de styliste, illustratrice, graphiste et [&hellip;]<\/p>\n","protected":false},"author":1,"featured_media":0,"parent":0,"menu_order":0,"comment_status":"closed","ping_status":"closed","template":"","meta":{"footnotes":""},"class_list":["post-115","page","type-page","status-publish","hentry"],"_links":{"self":[{"href":"https:\/\/vertdebaumes.fr\/index.php\/wp-json\/wp\/v2\/pages\/115","targetHints":{"allow":["GET"]}}],"collection":[{"href":"https:\/\/vertdebaumes.fr\/index.php\/wp-json\/wp\/v2\/pages"}],"about":[{"href":"https:\/\/vertdebaumes.fr\/index.php\/wp-json\/wp\/v2\/types\/page"}],"author":[{"embeddable":true,"href":"https:\/\/vertdebaumes.fr\/index.php\/wp-json\/wp\/v2\/users\/1"}],"replies":[{"embeddable":true,"href":"https:\/\/vertdebaumes.fr\/index.php\/wp-json\/wp\/v2\/comments?post=115"}],"version-history":[{"count":55,"href":"https:\/\/vertdebaumes.fr\/index.php\/wp-json\/wp\/v2\/pages\/115\/revisions"}],"predecessor-version":[{"id":203,"href":"https:\/\/vertdebaumes.fr\/index.php\/wp-json\/wp\/v2\/pages\/115\/revisions\/203"}],"wp:attachment":[{"href":"https:\/\/vertdebaumes.fr\/index.php\/wp-json\/wp\/v2\/media?parent=115"}],"curies":[{"name":"wp","href":"https:\/\/api.w.org\/{rel}","templated":true}]}}